{"id":169,"date":"2014-01-15T17:26:40","date_gmt":"2014-01-15T23:26:40","guid":{"rendered":"http:\/\/lurkan.com\/?page_id=169"},"modified":"2023-05-11T18:44:30","modified_gmt":"2023-05-12T00:44:30","slug":"quien-soy-y-a-donde-voy-con-la-fotografia","status":"publish","type":"page","link":"https:\/\/lurkan.com\/?page_id=169","title":{"rendered":"Contacto"},"content":{"rendered":"<p>Entre los servicios\u00a0 que ponemos a sus ordenes son:<\/p>\n<p>Fotograf\u00eda de producto, arquitect\u00f3nica, comercia,<\/p>\n<p>Book de talento, art\u00edstico, modelaje.<\/p>\n<p>Retrato, entre otras.<\/p>\n<p>Curso de diferentes temas y niveles.<\/p>\n<p>Estamos en las diferentes redes sociales y de fotograf\u00eda y video.<\/p>\n<p><a href=\"https:\/\/www.facebook.com\/LurkanStudio\" target=\"_blank\" rel=\"noopener\"><img loading=\"lazy\" decoding=\"async\" class=\"wp-image-340 alignnone\" src=\"https:\/\/lurkan.com\/wp-content\/uploads\/2014\/05\/facebook.png\" alt=\"facebook\" width=\"60\" height=\"60\" \/><\/a><a href=\"https:\/\/twitter.com\/lurkan\" target=\"_blank\" rel=\"noopener\"><img loading=\"lazy\" decoding=\"async\" class=\"wp-image-338 alignnone\" src=\"https:\/\/lurkan.com\/wp-content\/uploads\/2014\/05\/twitter.gif\" alt=\"twitter\" width=\"60\" height=\"60\" \/><\/a><a href=\"http:\/\/lurkan.blogspot.mx\/\" target=\"_blank\" rel=\"noopener\"><img loading=\"lazy\" decoding=\"async\" class=\"wp-image-344 alignnone\" src=\"https:\/\/lurkan.com\/wp-content\/uploads\/2014\/05\/blogger.jpg\" alt=\"blogger\" width=\"60\" height=\"60\" srcset=\"https:\/\/lurkan.com\/wp-content\/uploads\/2014\/05\/blogger.jpg 225w, https:\/\/lurkan.com\/wp-content\/uploads\/2014\/05\/blogger-150x150.jpg 150w\" sizes=\"auto, (max-width: 60px) 100vw, 60px\" \/><\/a><a href=\"https:\/\/www.flickr.com\/photos\/lurkan\/\" target=\"_blank\" rel=\"noopener\"><img loading=\"lazy\" decoding=\"async\" class=\"wp-image-345 alignnone\" src=\"https:\/\/lurkan.com\/wp-content\/uploads\/2014\/05\/flickr-logo.jpg\" alt=\"flickr-logo\" width=\"80\" height=\"60\" srcset=\"https:\/\/lurkan.com\/wp-content\/uploads\/2014\/05\/flickr-logo.jpg 450w, https:\/\/lurkan.com\/wp-content\/uploads\/2014\/05\/flickr-logo-400x300.jpg 400w\" sizes=\"auto, (max-width: 80px) 100vw, 80px\" \/><\/a><a href=\"https:\/\/www.youtube.com\/user\/Lurkan01\" target=\"_blank\" rel=\"noopener\"><img loading=\"lazy\" decoding=\"async\" class=\"wp-image-351 alignnone\" src=\"https:\/\/lurkan.com\/wp-content\/uploads\/2014\/05\/YouTube_logo_standard_white.png\" alt=\"\" width=\"138\" height=\"60\" \/><\/a><\/p>\n<p><strong> Nuestra direcci\u00f3n:\u00a0\u00a0 Norte 72 # 5836 bis Col. Bondojito Gustavo A. Madero\u00a0\u00a0\u00a0\u00a0\u00a0\u00a0\u00a0\u00a0\u00a0\u00a0\u00a0\u00a0\u00a0\u00a0\u00a0\u00a0 07850 M\u00e9xico, D. F. Tel\u00e9fono 55 51 40 72 con 4 lineas<\/strong><\/p>\n<p>Le a gustado el sitio o nuestro trabajo, env\u00edenos un comentario sobre sus inquietudes, propuestas de trabajo, de colaboraci\u00f3n, siempre es gratificante estar en contacto con m\u00e1s personas, nuevos amigo.<\/p>\n","protected":false},"excerpt":{"rendered":"<p>Entre los servicios\u00a0 que ponemos a sus ordenes son: Fotograf\u00eda de producto, arquitect\u00f3nica, comercia, Book de talento, art\u00edstico, modelaje. Retrato, entre otras. Curso de diferentes temas y niveles. Estamos en las diferentes redes sociales y de fotograf\u00eda y video. Nuestra &hellip; <a href=\"https:\/\/lurkan.com\/?page_id=169\">Sigue leyendo <span class=\"meta-nav\">&rarr;<\/span><\/a><\/p>\n","protected":false},"author":1,"featured_media":0,"parent":0,"menu_order":7,"comment_status":"closed","ping_status":"open","template":"sidebar-page.php","meta":{"footnotes":""},"class_list":["post-169","page","type-page","status-publish","hentry"],"yoast_head":"<!-- This site is optimized with the Yoast SEO plugin v23.7 - https:\/\/yoast.com\/wordpress\/plugins\/seo\/ -->\n<title>Contacto - Lurkan Momentos de luz<\/title>\n<meta name=\"robots\" content=\"index, follow, max-snippet:-1, max-image-preview:large, max-video-preview:-1\" \/>\n<link rel=\"canonical\" href=\"https:\/\/lurkan.com\/?page_id=169\" \/>\n<meta property=\"og:locale\" content=\"es_ES\" \/>\n<meta property=\"og:type\" content=\"article\" \/>\n<meta property=\"og:title\" content=\"Contacto - Lurkan Momentos de luz\" \/>\n<meta property=\"og:description\" content=\"Entre los servicios\u00a0 que ponemos a sus ordenes son: Fotograf\u00eda de producto, arquitect\u00f3nica, comercia, Book de talento, art\u00edstico, modelaje. Retrato, entre otras. Curso de diferentes temas y niveles. Estamos en las diferentes redes sociales y de fotograf\u00eda y video. Nuestra &hellip; Sigue leyendo &rarr;\" \/>\n<meta property=\"og:url\" content=\"https:\/\/lurkan.com\/?page_id=169\" \/>\n<meta property=\"og:site_name\" content=\"Lurkan Momentos de luz\" \/>\n<meta property=\"article:modified_time\" content=\"2023-05-12T00:44:30+00:00\" \/>\n<meta property=\"og:image\" content=\"http:\/\/lurkan.com\/wp-content\/uploads\/2014\/05\/facebook.png\" \/>\n<meta name=\"twitter:card\" content=\"summary_large_image\" \/>\n<meta name=\"twitter:site\" content=\"@lurkan\" \/>\n<script type=\"application\/ld+json\" class=\"yoast-schema-graph\">{\"@context\":\"https:\/\/schema.org\",\"@graph\":[{\"@type\":\"WebPage\",\"@id\":\"https:\/\/lurkan.com\/?page_id=169\",\"url\":\"https:\/\/lurkan.com\/?page_id=169\",\"name\":\"Contacto - Lurkan Momentos de luz\",\"isPartOf\":{\"@id\":\"https:\/\/lurkan.com\/#website\"},\"primaryImageOfPage\":{\"@id\":\"https:\/\/lurkan.com\/?page_id=169#primaryimage\"},\"image\":{\"@id\":\"https:\/\/lurkan.com\/?page_id=169#primaryimage\"},\"thumbnailUrl\":\"http:\/\/lurkan.com\/wp-content\/uploads\/2014\/05\/facebook.png\",\"datePublished\":\"2014-01-15T23:26:40+00:00\",\"dateModified\":\"2023-05-12T00:44:30+00:00\",\"breadcrumb\":{\"@id\":\"https:\/\/lurkan.com\/?page_id=169#breadcrumb\"},\"inLanguage\":\"es\",\"potentialAction\":[{\"@type\":\"ReadAction\",\"target\":[\"https:\/\/lurkan.com\/?page_id=169\"]}]},{\"@type\":\"ImageObject\",\"inLanguage\":\"es\",\"@id\":\"https:\/\/lurkan.com\/?page_id=169#primaryimage\",\"url\":\"http:\/\/lurkan.com\/wp-content\/uploads\/2014\/05\/facebook.png\",\"contentUrl\":\"http:\/\/lurkan.com\/wp-content\/uploads\/2014\/05\/facebook.png\"},{\"@type\":\"BreadcrumbList\",\"@id\":\"https:\/\/lurkan.com\/?page_id=169#breadcrumb\",\"itemListElement\":[{\"@type\":\"ListItem\",\"position\":1,\"name\":\"Portada\",\"item\":\"https:\/\/lurkan.com\/\"},{\"@type\":\"ListItem\",\"position\":2,\"name\":\"Contacto\"}]},{\"@type\":\"WebSite\",\"@id\":\"https:\/\/lurkan.com\/#website\",\"url\":\"https:\/\/lurkan.com\/\",\"name\":\"Lurkan Momentos de luz\",\"description\":\"\",\"publisher\":{\"@id\":\"https:\/\/lurkan.com\/#\/schema\/person\/99b3711aa2c543bd893d6ec83d6958a0\"},\"potentialAction\":[{\"@type\":\"SearchAction\",\"target\":{\"@type\":\"EntryPoint\",\"urlTemplate\":\"https:\/\/lurkan.com\/?s={search_term_string}\"},\"query-input\":{\"@type\":\"PropertyValueSpecification\",\"valueRequired\":true,\"valueName\":\"search_term_string\"}}],\"inLanguage\":\"es\"},{\"@type\":[\"Person\",\"Organization\"],\"@id\":\"https:\/\/lurkan.com\/#\/schema\/person\/99b3711aa2c543bd893d6ec83d6958a0\",\"name\":\"Lurkan\",\"image\":{\"@type\":\"ImageObject\",\"inLanguage\":\"es\",\"@id\":\"https:\/\/lurkan.com\/#\/schema\/person\/image\/\",\"url\":\"https:\/\/secure.gravatar.com\/avatar\/51213e1324fcaa8fc26fc3f391b2385caaa782729e7f082337cca51ea4a6ea29?s=96&d=monsterid&r=g\",\"contentUrl\":\"https:\/\/secure.gravatar.com\/avatar\/51213e1324fcaa8fc26fc3f391b2385caaa782729e7f082337cca51ea4a6ea29?s=96&d=monsterid&r=g\",\"caption\":\"Lurkan\"},\"logo\":{\"@id\":\"https:\/\/lurkan.com\/#\/schema\/person\/image\/\"},\"description\":\"Yo soy yo.\",\"sameAs\":[\"https:\/\/www.lurkan.com\",\"https:\/\/pinteres.com\/lurkan\",\"https:\/\/x.com\/lurkan\",\"https:\/\/youtube.com\/lurkan01\"]}]}<\/script>\n<!-- \/ Yoast SEO plugin. -->","yoast_head_json":{"title":"Contacto - Lurkan Momentos de luz","robots":{"index":"index","follow":"follow","max-snippet":"max-snippet:-1","max-image-preview":"max-image-preview:large","max-video-preview":"max-video-preview:-1"},"canonical":"https:\/\/lurkan.com\/?page_id=169","og_locale":"es_ES","og_type":"article","og_title":"Contacto - Lurkan Momentos de luz","og_description":"Entre los servicios\u00a0 que ponemos a sus ordenes son: Fotograf\u00eda de producto, arquitect\u00f3nica, comercia, Book de talento, art\u00edstico, modelaje. Retrato, entre otras. Curso de diferentes temas y niveles. Estamos en las diferentes redes sociales y de fotograf\u00eda y video. Nuestra &hellip; Sigue leyendo &rarr;","og_url":"https:\/\/lurkan.com\/?page_id=169","og_site_name":"Lurkan Momentos de luz","article_modified_time":"2023-05-12T00:44:30+00:00","og_image":[{"url":"http:\/\/lurkan.com\/wp-content\/uploads\/2014\/05\/facebook.png"}],"twitter_card":"summary_large_image","twitter_site":"@lurkan","schema":{"@context":"https:\/\/schema.org","@graph":[{"@type":"WebPage","@id":"https:\/\/lurkan.com\/?page_id=169","url":"https:\/\/lurkan.com\/?page_id=169","name":"Contacto - Lurkan Momentos de luz","isPartOf":{"@id":"https:\/\/lurkan.com\/#website"},"primaryImageOfPage":{"@id":"https:\/\/lurkan.com\/?page_id=169#primaryimage"},"image":{"@id":"https:\/\/lurkan.com\/?page_id=169#primaryimage"},"thumbnailUrl":"http:\/\/lurkan.com\/wp-content\/uploads\/2014\/05\/facebook.png","datePublished":"2014-01-15T23:26:40+00:00","dateModified":"2023-05-12T00:44:30+00:00","breadcrumb":{"@id":"https:\/\/lurkan.com\/?page_id=169#breadcrumb"},"inLanguage":"es","potentialAction":[{"@type":"ReadAction","target":["https:\/\/lurkan.com\/?page_id=169"]}]},{"@type":"ImageObject","inLanguage":"es","@id":"https:\/\/lurkan.com\/?page_id=169#primaryimage","url":"http:\/\/lurkan.com\/wp-content\/uploads\/2014\/05\/facebook.png","contentUrl":"http:\/\/lurkan.com\/wp-content\/uploads\/2014\/05\/facebook.png"},{"@type":"BreadcrumbList","@id":"https:\/\/lurkan.com\/?page_id=169#breadcrumb","itemListElement":[{"@type":"ListItem","position":1,"name":"Portada","item":"https:\/\/lurkan.com\/"},{"@type":"ListItem","position":2,"name":"Contacto"}]},{"@type":"WebSite","@id":"https:\/\/lurkan.com\/#website","url":"https:\/\/lurkan.com\/","name":"Lurkan Momentos de luz","description":"","publisher":{"@id":"https:\/\/lurkan.com\/#\/schema\/person\/99b3711aa2c543bd893d6ec83d6958a0"},"potentialAction":[{"@type":"SearchAction","target":{"@type":"EntryPoint","urlTemplate":"https:\/\/lurkan.com\/?s={search_term_string}"},"query-input":{"@type":"PropertyValueSpecification","valueRequired":true,"valueName":"search_term_string"}}],"inLanguage":"es"},{"@type":["Person","Organization"],"@id":"https:\/\/lurkan.com\/#\/schema\/person\/99b3711aa2c543bd893d6ec83d6958a0","name":"Lurkan","image":{"@type":"ImageObject","inLanguage":"es","@id":"https:\/\/lurkan.com\/#\/schema\/person\/image\/","url":"https:\/\/secure.gravatar.com\/avatar\/51213e1324fcaa8fc26fc3f391b2385caaa782729e7f082337cca51ea4a6ea29?s=96&d=monsterid&r=g","contentUrl":"https:\/\/secure.gravatar.com\/avatar\/51213e1324fcaa8fc26fc3f391b2385caaa782729e7f082337cca51ea4a6ea29?s=96&d=monsterid&r=g","caption":"Lurkan"},"logo":{"@id":"https:\/\/lurkan.com\/#\/schema\/person\/image\/"},"description":"Yo soy yo.","sameAs":["https:\/\/www.lurkan.com","https:\/\/pinteres.com\/lurkan","https:\/\/x.com\/lurkan","https:\/\/youtube.com\/lurkan01"]}]}},"jetpack_sharing_enabled":true,"jetpack-related-posts":[],"_links":{"self":[{"href":"https:\/\/lurkan.com\/index.php?rest_route=\/wp\/v2\/pages\/169","targetHints":{"allow":["GET"]}}],"collection":[{"href":"https:\/\/lurkan.com\/index.php?rest_route=\/wp\/v2\/pages"}],"about":[{"href":"https:\/\/lurkan.com\/index.php?rest_route=\/wp\/v2\/types\/page"}],"author":[{"embeddable":true,"href":"https:\/\/lurkan.com\/index.php?rest_route=\/wp\/v2\/users\/1"}],"replies":[{"embeddable":true,"href":"https:\/\/lurkan.com\/index.php?rest_route=%2Fwp%2Fv2%2Fcomments&post=169"}],"version-history":[{"count":53,"href":"https:\/\/lurkan.com\/index.php?rest_route=\/wp\/v2\/pages\/169\/revisions"}],"predecessor-version":[{"id":1208,"href":"https:\/\/lurkan.com\/index.php?rest_route=\/wp\/v2\/pages\/169\/revisions\/1208"}],"wp:attachment":[{"href":"https:\/\/lurkan.com\/index.php?rest_route=%2Fwp%2Fv2%2Fmedia&parent=169"}],"curies":[{"name":"wp","href":"https:\/\/api.w.org\/{rel}","templated":true}]}}