{"id":221,"date":"2014-05-27T18:33:52","date_gmt":"2014-05-28T00:33:52","guid":{"rendered":"http:\/\/lurkan.com\/?page_id=221"},"modified":"2014-08-11T12:23:16","modified_gmt":"2014-08-11T18:23:16","slug":"estudio","status":"publish","type":"page","link":"https:\/\/lurkan.com\/?page_id=221","title":{"rendered":"Renta de estudio"},"content":{"rendered":"<p>\u00bfFotograf\u00eda o video? Un producci\u00f3n de un par de horas 0 varios d\u00edas, tu tienes el talento creativo pero te detiene el espacio para realizarlo aqu\u00ed podemos apoyarte en esto, nuestro estudio esta a tus ordenes.<\/p>\n<p><img decoding=\"async\" class=\"ngg_displayed_gallery mceItem\" src=\"https:\/\/lurkan.com\/index.php\/nextgen-attach_to_post\/preview\/id--316\" alt=\"\" \/><\/p>\n<p>2 flash mircopro 400 w c\/u<br \/>\n1 octabox 150 cm<br \/>\n2 cajas de luz 80 x 100<br \/>\nBeaty dish de 120 cm con panal<br \/>\nFondos de ciclorama negro, blanco, gris, rojo, verde.<br \/>\nReflectasol, sombrillas, Snot, cmapanas y accesorios extras<br \/>\nDisparadores inal\u00e1mbricos.<\/p>\n<p>Las medidas son de 4 x 9 x 3 mts en el \u00e1rea de fotograf\u00eda.<\/p>\n<p><em><strong>Si lo necesitas para video tambi\u00e9n con todo y su croma<\/strong><\/em><\/p>\n<p><a href=\"https:\/\/lurkan.com\/wp-content\/uploads\/2014\/06\/MG_5511_v2.jpg\" rel=\"lightbox[221]\"><img loading=\"lazy\" decoding=\"async\" class=\"alignleft  wp-image-403\" src=\"https:\/\/lurkan.com\/wp-content\/uploads\/2014\/06\/MG_5511_v2.jpg\" alt=\"Estudio para video\" width=\"271\" height=\"183\" \/><\/a><br \/>\n4 juegos de luces continuas para video.<\/p>\n<p>1000 W o su equivalente en focos ahorraodres.<\/p>\n<p>Cuenta con ba\u00f1o, camerino para cambios de ropa y una \u00e1rea grande para maquillaje, peinado o como \u00e1reas de trabajo general y claro el \u00e1rea de fotograf\u00eda, independiente de las dem\u00e1s y con privacidad completa, para esas sesiones de gran intimidad<\/p>\n<p>\u00bfNecesitas m\u00e1s? pregunta por el, seguro lo tenemos listo para que lo rentes.<\/p>\n<h2>El precio de la renta es de $250.00 pesos la hora entre semana, 300 pesos los fines de semana, m\u00ednimo 2 horas. este precio incluye todo lo de la lista.<\/h2>\n<p>Si no te sientes muy seguro trabajando solo en un estudio fotogr\u00e1fico podemos apoyarte en todo momento sobre el manejo de c\u00e1mara modelo e iluminaci\u00f3n precio por sesi\u00f3n depende de las horas y complejidad de la sesi\u00f3n \u00bfpregunta el precio?.<\/p>\n<p>\u00bfLo necesitas todo el d\u00eda o incluso varios d\u00edas? lo platicamos y llegamos a un buen acuerdo en el precio.<\/p>\n<h2><strong>Nuestra direcci\u00f3n:<\/strong><br \/>\nNorte 72 # 5836 bis Col. Bondojito Gustavo A. Madero 07850 M\u00e9xico, D. F.<br \/>\nTel\u00e9fono 55 51 40 72 con 4 lineas<\/h2>\n<p>[insert_ajaxcontact id=320]<\/p>\n<p><iframe loading=\"lazy\" src=\"https:\/\/maps.google.com\/maps\/ms?ie=UTF8&amp;hl=es&amp;msa=0&amp;msid=212477129999713594282.00043c9087059fad527fc&amp;t=m&amp;ll=19.454048,-99.117279&amp;spn=0.038847,0.054932&amp;z=14&amp;output=embed\" width=\"640\" height=\"480\" frameborder=\"0\" marginwidth=\"0\" marginheight=\"0\" scrolling=\"no\"><\/iframe><br \/>\n<small>Ver <a style=\"color: #0000ff; text-align: left;\" href=\"https:\/\/maps.google.com\/maps\/ms?ie=UTF8&amp;hl=es&amp;msa=0&amp;msid=212477129999713594282.00043c9087059fad527fc&amp;t=m&amp;ll=19.454048,-99.117279&amp;spn=0.038847,0.054932&amp;z=14&amp;source=embed\">COMPUGRAF e-compugraf computo y fotografia<\/a> en un mapa m\u00e1s grande<\/small><\/p>\n","protected":false},"excerpt":{"rendered":"<p>\u00bfFotograf\u00eda o video? Un producci\u00f3n de un par de horas 0 varios d\u00edas, tu tienes el talento creativo pero te detiene el espacio para realizarlo aqu\u00ed podemos apoyarte en esto, nuestro estudio esta a tus ordenes. 2 flash mircopro 400 &hellip; <a href=\"https:\/\/lurkan.com\/?page_id=221\">Sigue leyendo <span class=\"meta-nav\">&rarr;<\/span><\/a><\/p>\n","protected":false},"author":1,"featured_media":0,"parent":0,"menu_order":8,"comment_status":"closed","ping_status":"closed","template":"sidebar-page.php","meta":{"footnotes":""},"class_list":["post-221","page","type-page","status-publish","hentry"],"yoast_head":"<!-- This site is optimized with the Yoast SEO plugin v23.7 - https:\/\/yoast.com\/wordpress\/plugins\/seo\/ -->\n<title>Renta de estudio - Lurkan Momentos de luz<\/title>\n<meta name=\"robots\" content=\"index, follow, max-snippet:-1, max-image-preview:large, max-video-preview:-1\" \/>\n<link rel=\"canonical\" href=\"https:\/\/lurkan.com\/?page_id=221\" \/>\n<meta property=\"og:locale\" content=\"es_ES\" \/>\n<meta property=\"og:type\" content=\"article\" \/>\n<meta property=\"og:title\" content=\"Renta de estudio - Lurkan Momentos de luz\" \/>\n<meta property=\"og:description\" content=\"\u00bfFotograf\u00eda o video? Un producci\u00f3n de un par de horas 0 varios d\u00edas, tu tienes el talento creativo pero te detiene el espacio para realizarlo aqu\u00ed podemos apoyarte en esto, nuestro estudio esta a tus ordenes. 2 flash mircopro 400 &hellip; Sigue leyendo &rarr;\" \/>\n<meta property=\"og:url\" content=\"https:\/\/lurkan.com\/?page_id=221\" \/>\n<meta property=\"og:site_name\" content=\"Lurkan Momentos de luz\" \/>\n<meta property=\"article:modified_time\" content=\"2014-08-11T18:23:16+00:00\" \/>\n<meta property=\"og:image\" content=\"http:\/\/lurkan.com\/index.php\/nextgen-attach_to_post\/preview\/id--316\" \/>\n<meta name=\"twitter:card\" content=\"summary_large_image\" \/>\n<meta name=\"twitter:site\" content=\"@lurkan\" \/>\n<meta name=\"twitter:label1\" content=\"Tiempo de lectura\" \/>\n\t<meta name=\"twitter:data1\" content=\"1 minuto\" \/>\n<script type=\"application\/ld+json\" class=\"yoast-schema-graph\">{\"@context\":\"https:\/\/schema.org\",\"@graph\":[{\"@type\":\"WebPage\",\"@id\":\"https:\/\/lurkan.com\/?page_id=221\",\"url\":\"https:\/\/lurkan.com\/?page_id=221\",\"name\":\"Renta de estudio - Lurkan Momentos de luz\",\"isPartOf\":{\"@id\":\"https:\/\/lurkan.com\/#website\"},\"primaryImageOfPage\":{\"@id\":\"https:\/\/lurkan.com\/?page_id=221#primaryimage\"},\"image\":{\"@id\":\"https:\/\/lurkan.com\/?page_id=221#primaryimage\"},\"thumbnailUrl\":\"http:\/\/lurkan.com\/index.php\/nextgen-attach_to_post\/preview\/id--316\",\"datePublished\":\"2014-05-28T00:33:52+00:00\",\"dateModified\":\"2014-08-11T18:23:16+00:00\",\"breadcrumb\":{\"@id\":\"https:\/\/lurkan.com\/?page_id=221#breadcrumb\"},\"inLanguage\":\"es\",\"potentialAction\":[{\"@type\":\"ReadAction\",\"target\":[\"https:\/\/lurkan.com\/?page_id=221\"]}]},{\"@type\":\"ImageObject\",\"inLanguage\":\"es\",\"@id\":\"https:\/\/lurkan.com\/?page_id=221#primaryimage\",\"url\":\"http:\/\/lurkan.com\/index.php\/nextgen-attach_to_post\/preview\/id--316\",\"contentUrl\":\"http:\/\/lurkan.com\/index.php\/nextgen-attach_to_post\/preview\/id--316\"},{\"@type\":\"BreadcrumbList\",\"@id\":\"https:\/\/lurkan.com\/?page_id=221#breadcrumb\",\"itemListElement\":[{\"@type\":\"ListItem\",\"position\":1,\"name\":\"Portada\",\"item\":\"https:\/\/lurkan.com\/\"},{\"@type\":\"ListItem\",\"position\":2,\"name\":\"Renta de estudio\"}]},{\"@type\":\"WebSite\",\"@id\":\"https:\/\/lurkan.com\/#website\",\"url\":\"https:\/\/lurkan.com\/\",\"name\":\"Lurkan Momentos de luz\",\"description\":\"\",\"publisher\":{\"@id\":\"https:\/\/lurkan.com\/#\/schema\/person\/99b3711aa2c543bd893d6ec83d6958a0\"},\"potentialAction\":[{\"@type\":\"SearchAction\",\"target\":{\"@type\":\"EntryPoint\",\"urlTemplate\":\"https:\/\/lurkan.com\/?s={search_term_string}\"},\"query-input\":{\"@type\":\"PropertyValueSpecification\",\"valueRequired\":true,\"valueName\":\"search_term_string\"}}],\"inLanguage\":\"es\"},{\"@type\":[\"Person\",\"Organization\"],\"@id\":\"https:\/\/lurkan.com\/#\/schema\/person\/99b3711aa2c543bd893d6ec83d6958a0\",\"name\":\"Lurkan\",\"image\":{\"@type\":\"ImageObject\",\"inLanguage\":\"es\",\"@id\":\"https:\/\/lurkan.com\/#\/schema\/person\/image\/\",\"url\":\"https:\/\/secure.gravatar.com\/avatar\/51213e1324fcaa8fc26fc3f391b2385caaa782729e7f082337cca51ea4a6ea29?s=96&d=monsterid&r=g\",\"contentUrl\":\"https:\/\/secure.gravatar.com\/avatar\/51213e1324fcaa8fc26fc3f391b2385caaa782729e7f082337cca51ea4a6ea29?s=96&d=monsterid&r=g\",\"caption\":\"Lurkan\"},\"logo\":{\"@id\":\"https:\/\/lurkan.com\/#\/schema\/person\/image\/\"},\"description\":\"Yo soy yo.\",\"sameAs\":[\"https:\/\/www.lurkan.com\",\"https:\/\/pinteres.com\/lurkan\",\"https:\/\/x.com\/lurkan\",\"https:\/\/youtube.com\/lurkan01\"]}]}<\/script>\n<!-- \/ Yoast SEO plugin. -->","yoast_head_json":{"title":"Renta de estudio - Lurkan Momentos de luz","robots":{"index":"index","follow":"follow","max-snippet":"max-snippet:-1","max-image-preview":"max-image-preview:large","max-video-preview":"max-video-preview:-1"},"canonical":"https:\/\/lurkan.com\/?page_id=221","og_locale":"es_ES","og_type":"article","og_title":"Renta de estudio - Lurkan Momentos de luz","og_description":"\u00bfFotograf\u00eda o video? Un producci\u00f3n de un par de horas 0 varios d\u00edas, tu tienes el talento creativo pero te detiene el espacio para realizarlo aqu\u00ed podemos apoyarte en esto, nuestro estudio esta a tus ordenes. 2 flash mircopro 400 &hellip; Sigue leyendo &rarr;","og_url":"https:\/\/lurkan.com\/?page_id=221","og_site_name":"Lurkan Momentos de luz","article_modified_time":"2014-08-11T18:23:16+00:00","og_image":[{"url":"http:\/\/lurkan.com\/index.php\/nextgen-attach_to_post\/preview\/id--316"}],"twitter_card":"summary_large_image","twitter_site":"@lurkan","twitter_misc":{"Tiempo de lectura":"1 minuto"},"schema":{"@context":"https:\/\/schema.org","@graph":[{"@type":"WebPage","@id":"https:\/\/lurkan.com\/?page_id=221","url":"https:\/\/lurkan.com\/?page_id=221","name":"Renta de estudio - Lurkan Momentos de luz","isPartOf":{"@id":"https:\/\/lurkan.com\/#website"},"primaryImageOfPage":{"@id":"https:\/\/lurkan.com\/?page_id=221#primaryimage"},"image":{"@id":"https:\/\/lurkan.com\/?page_id=221#primaryimage"},"thumbnailUrl":"http:\/\/lurkan.com\/index.php\/nextgen-attach_to_post\/preview\/id--316","datePublished":"2014-05-28T00:33:52+00:00","dateModified":"2014-08-11T18:23:16+00:00","breadcrumb":{"@id":"https:\/\/lurkan.com\/?page_id=221#breadcrumb"},"inLanguage":"es","potentialAction":[{"@type":"ReadAction","target":["https:\/\/lurkan.com\/?page_id=221"]}]},{"@type":"ImageObject","inLanguage":"es","@id":"https:\/\/lurkan.com\/?page_id=221#primaryimage","url":"http:\/\/lurkan.com\/index.php\/nextgen-attach_to_post\/preview\/id--316","contentUrl":"http:\/\/lurkan.com\/index.php\/nextgen-attach_to_post\/preview\/id--316"},{"@type":"BreadcrumbList","@id":"https:\/\/lurkan.com\/?page_id=221#breadcrumb","itemListElement":[{"@type":"ListItem","position":1,"name":"Portada","item":"https:\/\/lurkan.com\/"},{"@type":"ListItem","position":2,"name":"Renta de estudio"}]},{"@type":"WebSite","@id":"https:\/\/lurkan.com\/#website","url":"https:\/\/lurkan.com\/","name":"Lurkan Momentos de luz","description":"","publisher":{"@id":"https:\/\/lurkan.com\/#\/schema\/person\/99b3711aa2c543bd893d6ec83d6958a0"},"potentialAction":[{"@type":"SearchAction","target":{"@type":"EntryPoint","urlTemplate":"https:\/\/lurkan.com\/?s={search_term_string}"},"query-input":{"@type":"PropertyValueSpecification","valueRequired":true,"valueName":"search_term_string"}}],"inLanguage":"es"},{"@type":["Person","Organization"],"@id":"https:\/\/lurkan.com\/#\/schema\/person\/99b3711aa2c543bd893d6ec83d6958a0","name":"Lurkan","image":{"@type":"ImageObject","inLanguage":"es","@id":"https:\/\/lurkan.com\/#\/schema\/person\/image\/","url":"https:\/\/secure.gravatar.com\/avatar\/51213e1324fcaa8fc26fc3f391b2385caaa782729e7f082337cca51ea4a6ea29?s=96&d=monsterid&r=g","contentUrl":"https:\/\/secure.gravatar.com\/avatar\/51213e1324fcaa8fc26fc3f391b2385caaa782729e7f082337cca51ea4a6ea29?s=96&d=monsterid&r=g","caption":"Lurkan"},"logo":{"@id":"https:\/\/lurkan.com\/#\/schema\/person\/image\/"},"description":"Yo soy yo.","sameAs":["https:\/\/www.lurkan.com","https:\/\/pinteres.com\/lurkan","https:\/\/x.com\/lurkan","https:\/\/youtube.com\/lurkan01"]}]}},"jetpack_sharing_enabled":true,"jetpack-related-posts":[],"_links":{"self":[{"href":"https:\/\/lurkan.com\/index.php?rest_route=\/wp\/v2\/pages\/221","targetHints":{"allow":["GET"]}}],"collection":[{"href":"https:\/\/lurkan.com\/index.php?rest_route=\/wp\/v2\/pages"}],"about":[{"href":"https:\/\/lurkan.com\/index.php?rest_route=\/wp\/v2\/types\/page"}],"author":[{"embeddable":true,"href":"https:\/\/lurkan.com\/index.php?rest_route=\/wp\/v2\/users\/1"}],"replies":[{"embeddable":true,"href":"https:\/\/lurkan.com\/index.php?rest_route=%2Fwp%2Fv2%2Fcomments&post=221"}],"version-history":[{"count":29,"href":"https:\/\/lurkan.com\/index.php?rest_route=\/wp\/v2\/pages\/221\/revisions"}],"predecessor-version":[{"id":417,"href":"https:\/\/lurkan.com\/index.php?rest_route=\/wp\/v2\/pages\/221\/revisions\/417"}],"wp:attachment":[{"href":"https:\/\/lurkan.com\/index.php?rest_route=%2Fwp%2Fv2%2Fmedia&parent=221"}],"curies":[{"name":"wp","href":"https:\/\/api.w.org\/{rel}","templated":true}]}}