{"id":458,"date":"2015-03-11T17:40:42","date_gmt":"2015-03-11T23:40:42","guid":{"rendered":"http:\/\/lurkan.com\/?page_id=458"},"modified":"2015-03-14T13:15:28","modified_gmt":"2015-03-14T19:15:28","slug":"curso-de-impresion-fine-art","status":"publish","type":"page","link":"https:\/\/lurkan.com\/?page_id=458","title":{"rendered":"Curso de impresi\u00f3n Fine Art"},"content":{"rendered":"<p>Normalmente\u00a0 nuestras fotograf\u00edas est\u00e1n descansando en nuestro disco duro y quiz\u00e1 algunas compartidas en alguna red social o alg\u00fan \u00e1lbum de fotos en\u00a0 internet, pero con el\u00a0 paso del tiempo en ocasiones ni recordamos esas im\u00e1genes que nos enorgullecieron\u00a0 y que nos motivaron tanto y como mostrar\u00a0 con los amigos, familiares o clientes esas obras, siempre terminamos dando una liga de internet, algo tan impersonal tan intangible tan ef\u00edmero.<\/p>\n<p>Sentir el papel, la textura, la presentaci\u00f3n final de nuestra obra, verla expuesta en una galer\u00eda,\u00a0 colgada en nuestra pared o de un familiar o amigo o quiz\u00e1 de alguien que conf\u00eda en nuestro trabajo\u00a0 como para invertir en ella y mostrarla con orgullo a otras personas.<\/p>\n<p>Imprimir nuestra obra\u00a0 es volver a sentir esa emoci\u00f3n que sentimos cuando la capturamos, es volver a vivir ese momento, es compartir con los dem\u00e1s algo personal.<\/p>\n<p>Hoy en d\u00eda\u00a0 donde un disco duro puede morir en segundos y perderse\u00a0 ciento, miles de fotos la mejor forma de conservar nuestras mejores obras es mediante la impresi\u00f3n, pero no debemos confundir\u00a0 imprimir una fotos a crear una impresi\u00f3n de arte, mientras la primera se puede realizar donde sea , como sea y por quien sea, la segunda necesita cumplir una serie de caracter\u00edsticas para que nuestra imagen entre dentro del concepto <strong>Fine Art,<\/strong><\/p>\n<p>\u00bfComo hacer que mi fotograf\u00eda impresa pasa de valer 5.00 dlls\u00a0 a 1000 dlls o m\u00e1s?.\u00a0 es una pregunta que nos hacen mucho.<\/p>\n<p>Pues estas y otras preguntas son las que vamos a explicar en el curso de<strong> IMPRESION FINE ART<\/strong> que estamos impartiendo en Lurkan estudio y COMPUGRAF<\/p>\n<p>Este curso tiene una duraci\u00f3n de un d\u00eda con posibilidad de extender a dos,\u00a0 durante el cual se explicara y practicara los temas de preparaci\u00f3n del equipo, impresi\u00f3n\u00a0 y materiales, manejo de ellos,\u00a0 cada participante deber\u00e1 de traer m\u00ednimo 3 im\u00e1genes m\u00e1s si lo desea, recomendable computadora o laptop (no indispensable)<\/p>\n<p>La din\u00e1mica del curso es:<\/p>\n<p><strong>Historia. &#8211; <\/strong>Breve resumen del papel, el papel fotogr\u00e1fico el papel de impresi\u00f3n y su conservaci\u00f3n.<\/p>\n<p><strong>Resoluci\u00f3n y formatos.- C<\/strong>uantos megas , TIIF, RAW, jpg etc.<strong><br \/>\n<\/strong><\/p>\n<p><strong>Tipo de impresora<\/strong>.-\u00a0 No cualquier impresora cumple con esto.<\/p>\n<p><strong>Tipo de papel<\/strong> &#8211; Libre de \u00e1cido,\u00a0 Rag, Algod\u00f3n, lino, seda, lustre, mate, que gramage (peso) incluso que marca. Durabilidad.<\/p>\n<p><strong>Forma de impresi\u00f3n<\/strong> &#8211; Si, como se manda a imprimir, no solo es darle imprimir.<\/p>\n<p><strong>Perfilado de monitor<\/strong> &#8211; tipos de calibraci\u00f3n como cuando y donde se debe de hacer, se perfilara y calibrara el\u00a0 equipos que cada participante lleve al curso.<\/p>\n<p><strong>Calibraci\u00f3n de equipos<\/strong> &#8211; calibrar monitor , impresora y papel<\/p>\n<p><strong>Perfiles de color<\/strong> &#8211;\u00a0\u00a0 Por tipo de papel, cada papel tiene su forma de recibir, absorber y mostrar los pigmentos y colores.<\/p>\n<p><strong>Manejo de nuestra impresi\u00f3n<\/strong>, ya cumplimos con todo pero ahora como debo de manejar la impresi\u00f3n, donde la debo de montar con que papel protegerla, como garantizar 50, 75, 10, 150 y hasta 200 a\u00f1os en \u00f3ptimas condiciones, sin deterioro.<\/p>\n<p><strong>Montaje de la impresi\u00f3n<\/strong>&#8211; Como montarla<\/p>\n<p><strong>Impresi\u00f3n\u00a0 de fotografias<\/strong>. &#8211;\u00a0 3 fotograf\u00edas por participante\u00a0 a un tama\u00f1o de papel\u00a0 de 17 \u00bb x 22 \u00bb en calidad\u00a0 museogr\u00e1fica en papel baritado CANSON<\/p>\n<p>Al final del curso el alumno tendr\u00e1 el conocimiento para poder seleccionar la mejor forma de presentar su obra seg\u00fan las necesidades, sabr\u00e1 el m\u00e9todo de impresi\u00f3n correcto y al forma \u00f3ptima de aplicarlas,\u00a0\u00a0 conocer\u00e1 los materiales correctos para la conservaci\u00f3n de sus obras, su almacenaje y manipulaci\u00f3n, podr\u00e1 darle valor de arte a sus im\u00e1genes.<\/p>\n<p>Saldr\u00e1 con 3 impresiones correctamente expuestas y presentadas con un tama\u00f1o de 17 x 22 (no incluye marco ni cristal pero si el montaje final en marialuisas.<\/p>\n<p>Cup\u00f3n de descuento para impresiones posteriores<\/p>\n<p>Se entregara\u00a0 certificado de participaci\u00f3n.<\/p>\n<p><em>El precio es de\u00a0 2500 pesos con 3 impresiones<\/em> y 1500 pesos sin impresiones\u00a0 y\u00a0 lo estaremos impartiendo el <strong>pr\u00f3ximo\u00a0 28 y 29 de Marzo del 2015<\/strong>\u00a0 l<em>a duraci\u00f3n del curso depende de los participantes y fotos a imprimir<\/em>. Pero si por alguna necesidad de impresi\u00f3n o de tiempo usted necesitara tomarlo con gusto abrimos fechas personalizadas.<\/p>\n<h2><em>Que mejor satisfacci\u00f3n que ver nuestra obra exhibida en una pared.<\/em><\/h2>\n<p><a title=\"Lista de presios servicio de impresi\u00f3n.\" href=\"https:\/\/lurkan.com\/?page_id=474\" target=\"_blank\"><strong>Lista de precios servicio de impresi\u00f3n.<\/strong><\/a><\/p>\n<p>[insert_ajaxcontact id=331]<\/p>\n","protected":false},"excerpt":{"rendered":"<p>Normalmente\u00a0 nuestras fotograf\u00edas est\u00e1n descansando en nuestro disco duro y quiz\u00e1 algunas compartidas en alguna red social o alg\u00fan \u00e1lbum de fotos en\u00a0 internet, pero con el\u00a0 paso del tiempo en ocasiones ni recordamos esas im\u00e1genes que nos enorgullecieron\u00a0 y &hellip; <a href=\"https:\/\/lurkan.com\/?page_id=458\">Sigue leyendo <span class=\"meta-nav\">&rarr;<\/span><\/a><\/p>\n","protected":false},"author":1,"featured_media":0,"parent":248,"menu_order":0,"comment_status":"closed","ping_status":"open","template":"","meta":{"footnotes":""},"class_list":["post-458","page","type-page","status-publish","hentry"],"yoast_head":"<!-- This site is optimized with the Yoast SEO plugin v23.7 - https:\/\/yoast.com\/wordpress\/plugins\/seo\/ -->\n<title>Curso de impresi\u00f3n Fine Art - Lurkan Momentos de luz<\/title>\n<meta name=\"robots\" content=\"index, follow, max-snippet:-1, max-image-preview:large, max-video-preview:-1\" \/>\n<link rel=\"canonical\" href=\"https:\/\/lurkan.com\/?page_id=458\" \/>\n<meta property=\"og:locale\" content=\"es_ES\" \/>\n<meta property=\"og:type\" content=\"article\" \/>\n<meta property=\"og:title\" content=\"Curso de impresi\u00f3n Fine Art - Lurkan Momentos de luz\" \/>\n<meta property=\"og:description\" content=\"Normalmente\u00a0 nuestras fotograf\u00edas est\u00e1n descansando en nuestro disco duro y quiz\u00e1 algunas compartidas en alguna red social o alg\u00fan \u00e1lbum de fotos en\u00a0 internet, pero con el\u00a0 paso del tiempo en ocasiones ni recordamos esas im\u00e1genes que nos enorgullecieron\u00a0 y &hellip; Sigue leyendo &rarr;\" \/>\n<meta property=\"og:url\" content=\"https:\/\/lurkan.com\/?page_id=458\" \/>\n<meta property=\"og:site_name\" content=\"Lurkan Momentos de luz\" \/>\n<meta property=\"article:modified_time\" content=\"2015-03-14T19:15:28+00:00\" \/>\n<meta name=\"twitter:card\" content=\"summary_large_image\" \/>\n<meta name=\"twitter:site\" content=\"@lurkan\" \/>\n<meta name=\"twitter:label1\" content=\"Tiempo de lectura\" \/>\n\t<meta name=\"twitter:data1\" content=\"4 minutos\" \/>\n<script type=\"application\/ld+json\" class=\"yoast-schema-graph\">{\"@context\":\"https:\/\/schema.org\",\"@graph\":[{\"@type\":\"WebPage\",\"@id\":\"https:\/\/lurkan.com\/?page_id=458\",\"url\":\"https:\/\/lurkan.com\/?page_id=458\",\"name\":\"Curso de impresi\u00f3n Fine Art - Lurkan Momentos de luz\",\"isPartOf\":{\"@id\":\"https:\/\/lurkan.com\/#website\"},\"datePublished\":\"2015-03-11T23:40:42+00:00\",\"dateModified\":\"2015-03-14T19:15:28+00:00\",\"breadcrumb\":{\"@id\":\"https:\/\/lurkan.com\/?page_id=458#breadcrumb\"},\"inLanguage\":\"es\",\"potentialAction\":[{\"@type\":\"ReadAction\",\"target\":[\"https:\/\/lurkan.com\/?page_id=458\"]}]},{\"@type\":\"BreadcrumbList\",\"@id\":\"https:\/\/lurkan.com\/?page_id=458#breadcrumb\",\"itemListElement\":[{\"@type\":\"ListItem\",\"position\":1,\"name\":\"Portada\",\"item\":\"https:\/\/lurkan.com\/\"},{\"@type\":\"ListItem\",\"position\":2,\"name\":\"Cursos\",\"item\":\"https:\/\/lurkan.com\/?page_id=248\"},{\"@type\":\"ListItem\",\"position\":3,\"name\":\"Curso de impresi\u00f3n Fine Art\"}]},{\"@type\":\"WebSite\",\"@id\":\"https:\/\/lurkan.com\/#website\",\"url\":\"https:\/\/lurkan.com\/\",\"name\":\"Lurkan Momentos de luz\",\"description\":\"\",\"publisher\":{\"@id\":\"https:\/\/lurkan.com\/#\/schema\/person\/99b3711aa2c543bd893d6ec83d6958a0\"},\"potentialAction\":[{\"@type\":\"SearchAction\",\"target\":{\"@type\":\"EntryPoint\",\"urlTemplate\":\"https:\/\/lurkan.com\/?s={search_term_string}\"},\"query-input\":{\"@type\":\"PropertyValueSpecification\",\"valueRequired\":true,\"valueName\":\"search_term_string\"}}],\"inLanguage\":\"es\"},{\"@type\":[\"Person\",\"Organization\"],\"@id\":\"https:\/\/lurkan.com\/#\/schema\/person\/99b3711aa2c543bd893d6ec83d6958a0\",\"name\":\"Lurkan\",\"image\":{\"@type\":\"ImageObject\",\"inLanguage\":\"es\",\"@id\":\"https:\/\/lurkan.com\/#\/schema\/person\/image\/\",\"url\":\"https:\/\/secure.gravatar.com\/avatar\/51213e1324fcaa8fc26fc3f391b2385caaa782729e7f082337cca51ea4a6ea29?s=96&d=monsterid&r=g\",\"contentUrl\":\"https:\/\/secure.gravatar.com\/avatar\/51213e1324fcaa8fc26fc3f391b2385caaa782729e7f082337cca51ea4a6ea29?s=96&d=monsterid&r=g\",\"caption\":\"Lurkan\"},\"logo\":{\"@id\":\"https:\/\/lurkan.com\/#\/schema\/person\/image\/\"},\"description\":\"Yo soy yo.\",\"sameAs\":[\"https:\/\/www.lurkan.com\",\"https:\/\/pinteres.com\/lurkan\",\"https:\/\/x.com\/lurkan\",\"https:\/\/youtube.com\/lurkan01\"]}]}<\/script>\n<!-- \/ Yoast SEO plugin. -->","yoast_head_json":{"title":"Curso de impresi\u00f3n Fine Art - Lurkan Momentos de luz","robots":{"index":"index","follow":"follow","max-snippet":"max-snippet:-1","max-image-preview":"max-image-preview:large","max-video-preview":"max-video-preview:-1"},"canonical":"https:\/\/lurkan.com\/?page_id=458","og_locale":"es_ES","og_type":"article","og_title":"Curso de impresi\u00f3n Fine Art - Lurkan Momentos de luz","og_description":"Normalmente\u00a0 nuestras fotograf\u00edas est\u00e1n descansando en nuestro disco duro y quiz\u00e1 algunas compartidas en alguna red social o alg\u00fan \u00e1lbum de fotos en\u00a0 internet, pero con el\u00a0 paso del tiempo en ocasiones ni recordamos esas im\u00e1genes que nos enorgullecieron\u00a0 y &hellip; Sigue leyendo &rarr;","og_url":"https:\/\/lurkan.com\/?page_id=458","og_site_name":"Lurkan Momentos de luz","article_modified_time":"2015-03-14T19:15:28+00:00","twitter_card":"summary_large_image","twitter_site":"@lurkan","twitter_misc":{"Tiempo de lectura":"4 minutos"},"schema":{"@context":"https:\/\/schema.org","@graph":[{"@type":"WebPage","@id":"https:\/\/lurkan.com\/?page_id=458","url":"https:\/\/lurkan.com\/?page_id=458","name":"Curso de impresi\u00f3n Fine Art - Lurkan Momentos de luz","isPartOf":{"@id":"https:\/\/lurkan.com\/#website"},"datePublished":"2015-03-11T23:40:42+00:00","dateModified":"2015-03-14T19:15:28+00:00","breadcrumb":{"@id":"https:\/\/lurkan.com\/?page_id=458#breadcrumb"},"inLanguage":"es","potentialAction":[{"@type":"ReadAction","target":["https:\/\/lurkan.com\/?page_id=458"]}]},{"@type":"BreadcrumbList","@id":"https:\/\/lurkan.com\/?page_id=458#breadcrumb","itemListElement":[{"@type":"ListItem","position":1,"name":"Portada","item":"https:\/\/lurkan.com\/"},{"@type":"ListItem","position":2,"name":"Cursos","item":"https:\/\/lurkan.com\/?page_id=248"},{"@type":"ListItem","position":3,"name":"Curso de impresi\u00f3n Fine Art"}]},{"@type":"WebSite","@id":"https:\/\/lurkan.com\/#website","url":"https:\/\/lurkan.com\/","name":"Lurkan Momentos de luz","description":"","publisher":{"@id":"https:\/\/lurkan.com\/#\/schema\/person\/99b3711aa2c543bd893d6ec83d6958a0"},"potentialAction":[{"@type":"SearchAction","target":{"@type":"EntryPoint","urlTemplate":"https:\/\/lurkan.com\/?s={search_term_string}"},"query-input":{"@type":"PropertyValueSpecification","valueRequired":true,"valueName":"search_term_string"}}],"inLanguage":"es"},{"@type":["Person","Organization"],"@id":"https:\/\/lurkan.com\/#\/schema\/person\/99b3711aa2c543bd893d6ec83d6958a0","name":"Lurkan","image":{"@type":"ImageObject","inLanguage":"es","@id":"https:\/\/lurkan.com\/#\/schema\/person\/image\/","url":"https:\/\/secure.gravatar.com\/avatar\/51213e1324fcaa8fc26fc3f391b2385caaa782729e7f082337cca51ea4a6ea29?s=96&d=monsterid&r=g","contentUrl":"https:\/\/secure.gravatar.com\/avatar\/51213e1324fcaa8fc26fc3f391b2385caaa782729e7f082337cca51ea4a6ea29?s=96&d=monsterid&r=g","caption":"Lurkan"},"logo":{"@id":"https:\/\/lurkan.com\/#\/schema\/person\/image\/"},"description":"Yo soy yo.","sameAs":["https:\/\/www.lurkan.com","https:\/\/pinteres.com\/lurkan","https:\/\/x.com\/lurkan","https:\/\/youtube.com\/lurkan01"]}]}},"jetpack_sharing_enabled":true,"jetpack-related-posts":[],"_links":{"self":[{"href":"https:\/\/lurkan.com\/index.php?rest_route=\/wp\/v2\/pages\/458","targetHints":{"allow":["GET"]}}],"collection":[{"href":"https:\/\/lurkan.com\/index.php?rest_route=\/wp\/v2\/pages"}],"about":[{"href":"https:\/\/lurkan.com\/index.php?rest_route=\/wp\/v2\/types\/page"}],"author":[{"embeddable":true,"href":"https:\/\/lurkan.com\/index.php?rest_route=\/wp\/v2\/users\/1"}],"replies":[{"embeddable":true,"href":"https:\/\/lurkan.com\/index.php?rest_route=%2Fwp%2Fv2%2Fcomments&post=458"}],"version-history":[{"count":7,"href":"https:\/\/lurkan.com\/index.php?rest_route=\/wp\/v2\/pages\/458\/revisions"}],"predecessor-version":[{"id":487,"href":"https:\/\/lurkan.com\/index.php?rest_route=\/wp\/v2\/pages\/458\/revisions\/487"}],"up":[{"embeddable":true,"href":"https:\/\/lurkan.com\/index.php?rest_route=\/wp\/v2\/pages\/248"}],"wp:attachment":[{"href":"https:\/\/lurkan.com\/index.php?rest_route=%2Fwp%2Fv2%2Fmedia&parent=458"}],"curies":[{"name":"wp","href":"https:\/\/api.w.org\/{rel}","templated":true}]}}