{"id":474,"date":"2015-03-11T19:17:14","date_gmt":"2015-03-12T01:17:14","guid":{"rendered":"http:\/\/lurkan.com\/?page_id=474"},"modified":"2015-03-11T22:59:34","modified_gmt":"2015-03-12T04:59:34","slug":"impresion","status":"publish","type":"page","link":"https:\/\/lurkan.com\/?page_id=474","title":{"rendered":"Impresi\u00f3n"},"content":{"rendered":"<h1>Servicio de impresi\u00f3n calidad museo Fine Art Services<\/h1>\n<p><span style=\"text-decoration: underline;\">La calidad y el servicio lo son todo.<\/span><\/p>\n<p>La calidad de impresi\u00f3n mediante la Epson 3880 con 8 colores y tonos\u00a0 nos permite obtener la mejor calidad de arte digital impresa y con su tanque extra especial de negro\u00a0 podemos lograr negros m\u00e1s profundo y tonalidades de gris qeu solo pocas impresoras lo permiten, el tama\u00f1o m\u00e1ximo de impresi\u00f3n es de 17&#8243; X 22&#8243; , lo que buscamos es impresi\u00f3n de la m\u00e1s alta calidad no el m\u00e1s grande tama\u00f1o de impresi\u00f3n.<\/p>\n<p>Contamos con asesor\u00eda\u00a0 de impresi\u00f3n as\u00ed como nuestros cursos de <a title=\"Cusros de impresion de alta calidad FINE ART\" href=\"https:\/\/lurkan.com\/?page_id=458\" target=\"_blank\">Fine ART.<\/a><\/p>\n<p>Al momento de recibir el trabajo podemos revisarlo en monitores y equipos calibrados para imprimir de forma correcta. Cada impresi\u00f3n utiliza los icc, perfilss de colores adecuados para el tipo de impresora , papel y tinta<\/p>\n<p>La impresi\u00f3n la estamos realizando en papeles libres de \u00e1cido calidad Museografia con una durabilidad de entre 75 y 150 a\u00f1os HAHNEMUHLE, CANSON y EPSON<\/p>\n<ul>\n<li><strong>Impresi\u00f3n en papel 8.5\u2033 x 11\u2033<\/strong><\/li>\n<li>\n<ul>\n<li><strong>Baritado semi brillante <\/strong>$140.00<\/li>\n<li><strong>Mate <\/strong>$140.00<\/li>\n<li><strong>Brillante<\/strong> $180.00<\/li>\n<li><strong> Acuarela<\/strong> $190.00<\/li>\n<\/ul>\n<\/li>\n<li><strong>Impresi\u00f3n en papel 11\u2033 x 17\u2033<\/strong>\n<ul>\n<li><strong>Baritado semi brillante <\/strong>$260.00<\/li>\n<li><strong>Mate <\/strong>$280.00<\/li>\n<li><strong>Brillante<\/strong> $320.00<\/li>\n<li><strong> Acuarela<\/strong> $350.00<\/li>\n<\/ul>\n<\/li>\n<li><strong>Impresi\u00f3n en papel\u00a017\u2033 x 22\u2033 <\/strong>\n<ul>\n<li><strong>Baritado semi brillante <\/strong>$500.00<\/li>\n<li><strong>Mate <\/strong>$550.00<\/li>\n<li><strong>Brillante<\/strong> $600.00<\/li>\n<li><strong> Acuarela<\/strong> $650.00<\/li>\n<\/ul>\n<\/li>\n<\/ul>\n<p><strong>Cartulina para marialuisas<\/strong> 120 x 60 $100 peso<\/p>\n<p><strong>Bol\u00edgrafo\u00a0 tinta libre de \u00e1cido<\/strong> $ 55.00<\/p>\n<p><strong>Guantes de algod\u00f3n<\/strong>\u00a0 $25.00 par<\/p>\n<p>Estos precio son en papel HAHNEMUHLE, CANSON tienen un 10\u00a0 % de descuento y los EPSON 20% , los epson no son calidad museografica. pero si de alta calidad<\/p>\n<p><strong>De lunes a viernes de 9 a 18: 00 tiempo de entrega 24 hrs o en horas<\/strong> dependiendo de la cantidad de trabajo y condici\u00f3n de los archivos entregados.<\/p>\n<p>Contamos con servicio de FTP para envios remotos o fuera de horario y entrega de trabajos por medio de Federal Express o Estafeta, aplica cargo extra.<\/p>\n<h2><strong>Nuestra direcci\u00f3n:<\/strong><br \/>\nNorte 72 # 5836 bis Col. Bondojito Gustavo A. Madero 07850 M\u00e9xico, D. F.<br \/>\nTel\u00e9fono 55 51 40 72 con 4 lineas<\/h2>\n<p>Tienes alguna duda , pues no dudes en consultarnos.<\/p>\n<p>[insert_ajaxcontact id=331]<\/p>\n<p>&nbsp;<\/p>\n<p><iframe loading=\"lazy\" src=\"https:\/\/maps.google.com\/maps\/ms?ie=UTF8&amp;hl=es&amp;msa=0&amp;msid=212477129999713594282.00043c9087059fad527fc&amp;t=m&amp;ll=19.454048,-99.117279&amp;spn=0.038847,0.054932&amp;z=14&amp;output=embed\" width=\"640\" height=\"480\" frameborder=\"0\" marginwidth=\"0\" marginheight=\"0\" scrolling=\"no\"><\/iframe><br \/>\n<small>Ver <a style=\"color: #0000ff; text-align: left;\" href=\"https:\/\/maps.google.com\/maps\/ms?ie=UTF8&amp;hl=es&amp;msa=0&amp;msid=212477129999713594282.00043c9087059fad527fc&amp;t=m&amp;ll=19.454048,-99.117279&amp;spn=0.038847,0.054932&amp;z=14&amp;source=embed\">COMPUGRAF e-compugraf computo y fotografia<\/a> en un mapa m\u00e1s grande<\/small><\/p>\n","protected":false},"excerpt":{"rendered":"<p>Servicio de impresi\u00f3n calidad museo Fine Art Services La calidad y el servicio lo son todo. La calidad de impresi\u00f3n mediante la Epson 3880 con 8 colores y tonos\u00a0 nos permite obtener la mejor calidad de arte digital impresa y &hellip; <a href=\"https:\/\/lurkan.com\/?page_id=474\">Sigue leyendo <span class=\"meta-nav\">&rarr;<\/span><\/a><\/p>\n","protected":false},"author":1,"featured_media":0,"parent":0,"menu_order":9,"comment_status":"closed","ping_status":"open","template":"","meta":{"footnotes":""},"class_list":["post-474","page","type-page","status-publish","hentry"],"yoast_head":"<!-- This site is optimized with the Yoast SEO plugin v23.7 - https:\/\/yoast.com\/wordpress\/plugins\/seo\/ -->\n<title>Impresi\u00f3n - Lurkan Momentos de luz<\/title>\n<meta name=\"robots\" content=\"index, follow, max-snippet:-1, max-image-preview:large, max-video-preview:-1\" \/>\n<link rel=\"canonical\" href=\"https:\/\/lurkan.com\/?page_id=474\" \/>\n<meta property=\"og:locale\" content=\"es_ES\" \/>\n<meta property=\"og:type\" content=\"article\" \/>\n<meta property=\"og:title\" content=\"Impresi\u00f3n - Lurkan Momentos de luz\" \/>\n<meta property=\"og:description\" content=\"Servicio de impresi\u00f3n calidad museo Fine Art Services La calidad y el servicio lo son todo. La calidad de impresi\u00f3n mediante la Epson 3880 con 8 colores y tonos\u00a0 nos permite obtener la mejor calidad de arte digital impresa y &hellip; Sigue leyendo &rarr;\" \/>\n<meta property=\"og:url\" content=\"https:\/\/lurkan.com\/?page_id=474\" \/>\n<meta property=\"og:site_name\" content=\"Lurkan Momentos de luz\" \/>\n<meta property=\"article:modified_time\" content=\"2015-03-12T04:59:34+00:00\" \/>\n<meta name=\"twitter:card\" content=\"summary_large_image\" \/>\n<meta name=\"twitter:site\" content=\"@lurkan\" \/>\n<meta name=\"twitter:label1\" content=\"Tiempo de lectura\" \/>\n\t<meta name=\"twitter:data1\" content=\"2 minutos\" \/>\n<script type=\"application\/ld+json\" class=\"yoast-schema-graph\">{\"@context\":\"https:\/\/schema.org\",\"@graph\":[{\"@type\":\"WebPage\",\"@id\":\"https:\/\/lurkan.com\/?page_id=474\",\"url\":\"https:\/\/lurkan.com\/?page_id=474\",\"name\":\"Impresi\u00f3n - Lurkan Momentos de luz\",\"isPartOf\":{\"@id\":\"https:\/\/lurkan.com\/#website\"},\"datePublished\":\"2015-03-12T01:17:14+00:00\",\"dateModified\":\"2015-03-12T04:59:34+00:00\",\"breadcrumb\":{\"@id\":\"https:\/\/lurkan.com\/?page_id=474#breadcrumb\"},\"inLanguage\":\"es\",\"potentialAction\":[{\"@type\":\"ReadAction\",\"target\":[\"https:\/\/lurkan.com\/?page_id=474\"]}]},{\"@type\":\"BreadcrumbList\",\"@id\":\"https:\/\/lurkan.com\/?page_id=474#breadcrumb\",\"itemListElement\":[{\"@type\":\"ListItem\",\"position\":1,\"name\":\"Portada\",\"item\":\"https:\/\/lurkan.com\/\"},{\"@type\":\"ListItem\",\"position\":2,\"name\":\"Impresi\u00f3n\"}]},{\"@type\":\"WebSite\",\"@id\":\"https:\/\/lurkan.com\/#website\",\"url\":\"https:\/\/lurkan.com\/\",\"name\":\"Lurkan Momentos de luz\",\"description\":\"\",\"publisher\":{\"@id\":\"https:\/\/lurkan.com\/#\/schema\/person\/99b3711aa2c543bd893d6ec83d6958a0\"},\"potentialAction\":[{\"@type\":\"SearchAction\",\"target\":{\"@type\":\"EntryPoint\",\"urlTemplate\":\"https:\/\/lurkan.com\/?s={search_term_string}\"},\"query-input\":{\"@type\":\"PropertyValueSpecification\",\"valueRequired\":true,\"valueName\":\"search_term_string\"}}],\"inLanguage\":\"es\"},{\"@type\":[\"Person\",\"Organization\"],\"@id\":\"https:\/\/lurkan.com\/#\/schema\/person\/99b3711aa2c543bd893d6ec83d6958a0\",\"name\":\"Lurkan\",\"image\":{\"@type\":\"ImageObject\",\"inLanguage\":\"es\",\"@id\":\"https:\/\/lurkan.com\/#\/schema\/person\/image\/\",\"url\":\"https:\/\/secure.gravatar.com\/avatar\/51213e1324fcaa8fc26fc3f391b2385caaa782729e7f082337cca51ea4a6ea29?s=96&d=monsterid&r=g\",\"contentUrl\":\"https:\/\/secure.gravatar.com\/avatar\/51213e1324fcaa8fc26fc3f391b2385caaa782729e7f082337cca51ea4a6ea29?s=96&d=monsterid&r=g\",\"caption\":\"Lurkan\"},\"logo\":{\"@id\":\"https:\/\/lurkan.com\/#\/schema\/person\/image\/\"},\"description\":\"Yo soy yo.\",\"sameAs\":[\"https:\/\/www.lurkan.com\",\"https:\/\/pinteres.com\/lurkan\",\"https:\/\/x.com\/lurkan\",\"https:\/\/youtube.com\/lurkan01\"]}]}<\/script>\n<!-- \/ Yoast SEO plugin. -->","yoast_head_json":{"title":"Impresi\u00f3n - Lurkan Momentos de luz","robots":{"index":"index","follow":"follow","max-snippet":"max-snippet:-1","max-image-preview":"max-image-preview:large","max-video-preview":"max-video-preview:-1"},"canonical":"https:\/\/lurkan.com\/?page_id=474","og_locale":"es_ES","og_type":"article","og_title":"Impresi\u00f3n - Lurkan Momentos de luz","og_description":"Servicio de impresi\u00f3n calidad museo Fine Art Services La calidad y el servicio lo son todo. La calidad de impresi\u00f3n mediante la Epson 3880 con 8 colores y tonos\u00a0 nos permite obtener la mejor calidad de arte digital impresa y &hellip; Sigue leyendo &rarr;","og_url":"https:\/\/lurkan.com\/?page_id=474","og_site_name":"Lurkan Momentos de luz","article_modified_time":"2015-03-12T04:59:34+00:00","twitter_card":"summary_large_image","twitter_site":"@lurkan","twitter_misc":{"Tiempo de lectura":"2 minutos"},"schema":{"@context":"https:\/\/schema.org","@graph":[{"@type":"WebPage","@id":"https:\/\/lurkan.com\/?page_id=474","url":"https:\/\/lurkan.com\/?page_id=474","name":"Impresi\u00f3n - Lurkan Momentos de luz","isPartOf":{"@id":"https:\/\/lurkan.com\/#website"},"datePublished":"2015-03-12T01:17:14+00:00","dateModified":"2015-03-12T04:59:34+00:00","breadcrumb":{"@id":"https:\/\/lurkan.com\/?page_id=474#breadcrumb"},"inLanguage":"es","potentialAction":[{"@type":"ReadAction","target":["https:\/\/lurkan.com\/?page_id=474"]}]},{"@type":"BreadcrumbList","@id":"https:\/\/lurkan.com\/?page_id=474#breadcrumb","itemListElement":[{"@type":"ListItem","position":1,"name":"Portada","item":"https:\/\/lurkan.com\/"},{"@type":"ListItem","position":2,"name":"Impresi\u00f3n"}]},{"@type":"WebSite","@id":"https:\/\/lurkan.com\/#website","url":"https:\/\/lurkan.com\/","name":"Lurkan Momentos de luz","description":"","publisher":{"@id":"https:\/\/lurkan.com\/#\/schema\/person\/99b3711aa2c543bd893d6ec83d6958a0"},"potentialAction":[{"@type":"SearchAction","target":{"@type":"EntryPoint","urlTemplate":"https:\/\/lurkan.com\/?s={search_term_string}"},"query-input":{"@type":"PropertyValueSpecification","valueRequired":true,"valueName":"search_term_string"}}],"inLanguage":"es"},{"@type":["Person","Organization"],"@id":"https:\/\/lurkan.com\/#\/schema\/person\/99b3711aa2c543bd893d6ec83d6958a0","name":"Lurkan","image":{"@type":"ImageObject","inLanguage":"es","@id":"https:\/\/lurkan.com\/#\/schema\/person\/image\/","url":"https:\/\/secure.gravatar.com\/avatar\/51213e1324fcaa8fc26fc3f391b2385caaa782729e7f082337cca51ea4a6ea29?s=96&d=monsterid&r=g","contentUrl":"https:\/\/secure.gravatar.com\/avatar\/51213e1324fcaa8fc26fc3f391b2385caaa782729e7f082337cca51ea4a6ea29?s=96&d=monsterid&r=g","caption":"Lurkan"},"logo":{"@id":"https:\/\/lurkan.com\/#\/schema\/person\/image\/"},"description":"Yo soy yo.","sameAs":["https:\/\/www.lurkan.com","https:\/\/pinteres.com\/lurkan","https:\/\/x.com\/lurkan","https:\/\/youtube.com\/lurkan01"]}]}},"jetpack_sharing_enabled":true,"jetpack-related-posts":[],"_links":{"self":[{"href":"https:\/\/lurkan.com\/index.php?rest_route=\/wp\/v2\/pages\/474","targetHints":{"allow":["GET"]}}],"collection":[{"href":"https:\/\/lurkan.com\/index.php?rest_route=\/wp\/v2\/pages"}],"about":[{"href":"https:\/\/lurkan.com\/index.php?rest_route=\/wp\/v2\/types\/page"}],"author":[{"embeddable":true,"href":"https:\/\/lurkan.com\/index.php?rest_route=\/wp\/v2\/users\/1"}],"replies":[{"embeddable":true,"href":"https:\/\/lurkan.com\/index.php?rest_route=%2Fwp%2Fv2%2Fcomments&post=474"}],"version-history":[{"count":8,"href":"https:\/\/lurkan.com\/index.php?rest_route=\/wp\/v2\/pages\/474\/revisions"}],"predecessor-version":[{"id":484,"href":"https:\/\/lurkan.com\/index.php?rest_route=\/wp\/v2\/pages\/474\/revisions\/484"}],"wp:attachment":[{"href":"https:\/\/lurkan.com\/index.php?rest_route=%2Fwp%2Fv2%2Fmedia&parent=474"}],"curies":[{"name":"wp","href":"https:\/\/api.w.org\/{rel}","templated":true}]}}